{"id":75,"date":"2024-05-10T18:33:39","date_gmt":"2024-05-10T16:33:39","guid":{"rendered":"https:\/\/reconnect20.org\/?page_id=75"},"modified":"2024-05-23T17:04:43","modified_gmt":"2024-05-23T15:04:43","slug":"lequipe","status":"publish","type":"page","link":"https:\/\/reconnect20.org\/index.php\/lequipe\/","title":{"rendered":"L&#8217;\u00e9quipe"},"content":{"rendered":"\n<p class=\"has-text-align-center\"><strong>RECONNECT 2.0 <\/strong>est anim\u00e9e par un bureau de b\u00e9n\u00e9voles d\u00e9vou\u00e9s<\/p>\n\n\n\n<figure class=\"wp-block-gallery has-nested-images columns-default is-cropped wp-block-gallery-1 is-layout-flex wp-block-gallery-is-layout-flex\">\n<figure class=\"wp-block-image size-full is-style-rounded\"><img loading=\"lazy\" decoding=\"async\" width=\"1000\" height=\"1000\" data-id=\"218\" src=\"https:\/\/reconnect20.org\/wp-content\/uploads\/2024\/05\/Colette-1.jpg\" alt=\"\" class=\"wp-image-218\" srcset=\"https:\/\/reconnect20.org\/wp-content\/uploads\/2024\/05\/Colette-1.jpg 1000w, https:\/\/reconnect20.org\/wp-content\/uploads\/2024\/05\/Colette-1-300x300.jpg 300w, https:\/\/reconnect20.org\/wp-content\/uploads\/2024\/05\/Colette-1-150x150.jpg 150w, https:\/\/reconnect20.org\/wp-content\/uploads\/2024\/05\/Colette-1-768x768.jpg 768w\" sizes=\"auto, (max-width: 1000px) 100vw, 1000px\" \/><figcaption class=\"wp-element-caption\"><strong>Colette ROUSSEL<\/strong><br><em>(Charg\u00e9e de d\u00e9veloppement CPTS Roanne)<\/em><br><strong>Tr\u00e9sori\u00e8re<\/strong><\/figcaption><\/figure>\n\n\n\n<figure class=\"wp-block-image size-full is-style-rounded\"><img loading=\"lazy\" decoding=\"async\" width=\"1000\" height=\"1000\" data-id=\"217\" src=\"http:\/\/reconnect20.org\/wp-content\/uploads\/2024\/05\/Pierre.jpg\" alt=\"\" class=\"wp-image-217\" srcset=\"https:\/\/reconnect20.org\/wp-content\/uploads\/2024\/05\/Pierre.jpg 1000w, https:\/\/reconnect20.org\/wp-content\/uploads\/2024\/05\/Pierre-300x300.jpg 300w, https:\/\/reconnect20.org\/wp-content\/uploads\/2024\/05\/Pierre-150x150.jpg 150w, https:\/\/reconnect20.org\/wp-content\/uploads\/2024\/05\/Pierre-768x768.jpg 768w\" sizes=\"auto, (max-width: 1000px) 100vw, 1000px\" \/><figcaption class=\"wp-element-caption\"><strong>Pierre GOUTALAND <\/strong><br><em>(Consultant ind\u00e9pendant)<\/em><br><strong>Pr\u00e9sident<\/strong><\/figcaption><\/figure>\n<\/figure>\n\n\n\n<div class=\"wp-block-group\"><div class=\"wp-block-group__inner-container is-layout-constrained wp-block-group-is-layout-constrained\">\n<div class=\"wp-block-columns is-style-twentytwentyone-columns-overlap is-layout-flex wp-container-core-columns-is-layout-9d6595d7 wp-block-columns-is-layout-flex\">\n<div class=\"wp-block-column is-layout-flow wp-block-column-is-layout-flow\" style=\"flex-basis:100%\">\n<figure class=\"wp-block-gallery aligncenter has-nested-images columns-default is-cropped wp-block-gallery-2 is-layout-flex wp-block-gallery-is-layout-flex\">\n<figure class=\"wp-block-image size-full is-style-rounded\"><img loading=\"lazy\" decoding=\"async\" width=\"1000\" height=\"1000\" data-id=\"219\" src=\"http:\/\/reconnect20.org\/wp-content\/uploads\/2024\/05\/Florent-1.jpg\" alt=\"\" class=\"wp-image-219\" srcset=\"https:\/\/reconnect20.org\/wp-content\/uploads\/2024\/05\/Florent-1.jpg 1000w, https:\/\/reconnect20.org\/wp-content\/uploads\/2024\/05\/Florent-1-300x300.jpg 300w, https:\/\/reconnect20.org\/wp-content\/uploads\/2024\/05\/Florent-1-150x150.jpg 150w, https:\/\/reconnect20.org\/wp-content\/uploads\/2024\/05\/Florent-1-768x768.jpg 768w\" sizes=\"auto, (max-width: 1000px) 100vw, 1000px\" \/><figcaption class=\"wp-element-caption\"><strong>Florent CHASSIGNOL<\/strong><br><em>(CEO soci\u00e9t\u00e9 RECOVEO) <\/em><br><strong>Secr\u00e9taire<\/strong><\/figcaption><\/figure>\n\n\n\n<figure class=\"wp-block-image size-full is-style-rounded\"><img loading=\"lazy\" decoding=\"async\" width=\"1000\" height=\"1000\" data-id=\"220\" src=\"http:\/\/reconnect20.org\/wp-content\/uploads\/2024\/05\/Leuleu-1.jpg\" alt=\"\" class=\"wp-image-220\" srcset=\"https:\/\/reconnect20.org\/wp-content\/uploads\/2024\/05\/Leuleu-1.jpg 1000w, https:\/\/reconnect20.org\/wp-content\/uploads\/2024\/05\/Leuleu-1-300x300.jpg 300w, https:\/\/reconnect20.org\/wp-content\/uploads\/2024\/05\/Leuleu-1-150x150.jpg 150w, https:\/\/reconnect20.org\/wp-content\/uploads\/2024\/05\/Leuleu-1-768x768.jpg 768w\" sizes=\"auto, (max-width: 1000px) 100vw, 1000px\" \/><figcaption class=\"wp-element-caption\"><strong>Laurent PIVOT<\/strong><br><em>(Charg\u00e9 de client\u00e8le en assurances)<\/em><br><strong>Secr\u00e9taire<\/strong><\/figcaption><\/figure>\n<\/figure>\n<\/div>\n<\/div>\n<\/div><\/div>\n","protected":false},"excerpt":{"rendered":"<p>RECONNECT 2.0 est anim\u00e9e par un bureau de b\u00e9n\u00e9voles d\u00e9vou\u00e9s<\/p>\n","protected":false},"author":1,"featured_media":0,"parent":0,"menu_order":0,"comment_status":"closed","ping_status":"closed","template":"","meta":{"footnotes":""},"class_list":["post-75","page","type-page","status-publish","hentry"],"_links":{"self":[{"href":"https:\/\/reconnect20.org\/index.php\/wp-json\/wp\/v2\/pages\/75","targetHints":{"allow":["GET"]}}],"collection":[{"href":"https:\/\/reconnect20.org\/index.php\/wp-json\/wp\/v2\/pages"}],"about":[{"href":"https:\/\/reconnect20.org\/index.php\/wp-json\/wp\/v2\/types\/page"}],"author":[{"embeddable":true,"href":"https:\/\/reconnect20.org\/index.php\/wp-json\/wp\/v2\/users\/1"}],"replies":[{"embeddable":true,"href":"https:\/\/reconnect20.org\/index.php\/wp-json\/wp\/v2\/comments?post=75"}],"version-history":[{"count":13,"href":"https:\/\/reconnect20.org\/index.php\/wp-json\/wp\/v2\/pages\/75\/revisions"}],"predecessor-version":[{"id":225,"href":"https:\/\/reconnect20.org\/index.php\/wp-json\/wp\/v2\/pages\/75\/revisions\/225"}],"wp:attachment":[{"href":"https:\/\/reconnect20.org\/index.php\/wp-json\/wp\/v2\/media?parent=75"}],"curies":[{"name":"wp","href":"https:\/\/api.w.org\/{rel}","templated":true}]}}