{"id":35,"date":"2024-05-10T16:10:08","date_gmt":"2024-05-10T14:10:08","guid":{"rendered":"https:\/\/reconnect20.org\/?page_id=35"},"modified":"2024-05-23T11:26:43","modified_gmt":"2024-05-23T09:26:43","slug":"redistribuer","status":"publish","type":"page","link":"https:\/\/reconnect20.org\/index.php\/redistribuer\/","title":{"rendered":"Redistribuer"},"content":{"rendered":"<div class=\"wp-block-image is-style-rounded\">\n<figure class=\"aligncenter size-full is-resized\"><img loading=\"lazy\" decoding=\"async\" width=\"1024\" height=\"1024\" src=\"https:\/\/reconnect20.org\/wp-content\/uploads\/2024\/05\/Redistribuer.jpeg\" alt=\"\" class=\"wp-image-36\" style=\"width:400px\" srcset=\"https:\/\/reconnect20.org\/wp-content\/uploads\/2024\/05\/Redistribuer.jpeg 1024w, https:\/\/reconnect20.org\/wp-content\/uploads\/2024\/05\/Redistribuer-300x300.jpeg 300w, https:\/\/reconnect20.org\/wp-content\/uploads\/2024\/05\/Redistribuer-150x150.jpeg 150w, https:\/\/reconnect20.org\/wp-content\/uploads\/2024\/05\/Redistribuer-768x768.jpeg 768w\" sizes=\"auto, (max-width: 1024px) 100vw, 1024px\" \/><\/figure>\n<\/div>\n\n\n<p class=\"has-text-align-left\">Un processus de redistribution \u00e9quitable et transparent est mis en place afin de s\u00e9lectionner les b\u00e9n\u00e9ficiaires, en fonction de crit\u00e8res pr\u00e9d\u00e9finis, comme par exemple la n\u00e9cessit\u00e9 et la situation \u00e9conomique. L&#8217;objectif principal est de maximiser l&#8217;impact en aidant ceux qui en ont le plus besoin \u00e0 acc\u00e9der \u00e0 la technologie et \u00e0 surmonter les obstacles de la fracture num\u00e9rique\u2026<\/p>\n\n\n\n<p class=\"has-text-align-right\"><strong>\u2026reconnectant ainsi des vies.<\/strong><\/p>\n\n\n\n<figure class=\"wp-block-pullquote has-text-align-left has-accent-color has-subtle-background-background-color has-text-color has-background has-link-color has-small-font-size wp-elements-1e5e5879611b16e872023a393114dfa2\"><blockquote><p><em>En 2021, en France m\u00e9tropolitaine,<\/em><br><strong><em>9,1 millions de personnes <\/em><\/strong><em>vivaient en dessous du seuil de pauvret\u00e9 mon\u00e9taire, \u00e9tabli \u00e0 1 158 \u20ac par mois.<\/em><br><em>&nbsp;<\/em><strong><em>6,2 millions de personnes <\/em><\/strong><em>vivaient avec environ 620\u20ac par mois (RSA ou ASS).<\/em><br><\/p><cite><em>Sources : Insee &amp; Drees<\/em><\/cite><\/blockquote><\/figure>\n\n\n\n<figure class=\"wp-block-image size-full\"><img loading=\"lazy\" decoding=\"async\" width=\"1024\" height=\"252\" src=\"http:\/\/reconnect20.org\/wp-content\/uploads\/2024\/05\/Onde-Vert.png\" alt=\"\" class=\"wp-image-189\" srcset=\"https:\/\/reconnect20.org\/wp-content\/uploads\/2024\/05\/Onde-Vert.png 1024w, https:\/\/reconnect20.org\/wp-content\/uploads\/2024\/05\/Onde-Vert-300x74.png 300w, https:\/\/reconnect20.org\/wp-content\/uploads\/2024\/05\/Onde-Vert-768x189.png 768w\" sizes=\"auto, (max-width: 1024px) 100vw, 1024px\" \/><\/figure>\n\n\n\n<p><strong>Nous avons identifi\u00e9 plusieurs cibles prioritaires pour la redistribution :<\/strong><\/p>\n\n\n\n<ul class=\"wp-block-list\">\n<li>Associations mobilis\u00e9es contre la pauvret\u00e9<\/li>\n<\/ul>\n\n\n\n<ul class=\"wp-block-list\">\n<li>Associations de refugi\u00e9s<\/li>\n<\/ul>\n\n\n\n<ul class=\"wp-block-list\">\n<li>Associations d\u2019\u00e9tudiants <em>(repr\u00e9sentant \u00bc des adultes pauvres)<\/em><\/li>\n<\/ul>\n\n\n\n<ul class=\"wp-block-list\">\n<li>Personnes en situation de handicap<\/li>\n<\/ul>\n\n\n\n<ul class=\"wp-block-list\">\n<li>Retrait\u00e9s pr\u00e9caires<\/li>\n<\/ul>\n\n\n\n<ul class=\"wp-block-list\">\n<li>Particuliers isol\u00e9s<\/li>\n<\/ul>\n","protected":false},"excerpt":{"rendered":"<p>Un processus de redistribution \u00e9quitable et transparent est mis en place afin de s\u00e9lectionner les b\u00e9n\u00e9ficiaires, en fonction de crit\u00e8res pr\u00e9d\u00e9finis, comme par exemple la n\u00e9cessit\u00e9 et la situation \u00e9conomique. L&#8217;objectif principal est de maximiser l&#8217;impact en aidant ceux qui en ont le plus besoin \u00e0 acc\u00e9der \u00e0 la technologie et \u00e0 surmonter les obstacles [&hellip;]<\/p>\n","protected":false},"author":1,"featured_media":0,"parent":0,"menu_order":0,"comment_status":"closed","ping_status":"closed","template":"","meta":{"footnotes":""},"class_list":["post-35","page","type-page","status-publish","hentry"],"_links":{"self":[{"href":"https:\/\/reconnect20.org\/index.php\/wp-json\/wp\/v2\/pages\/35","targetHints":{"allow":["GET"]}}],"collection":[{"href":"https:\/\/reconnect20.org\/index.php\/wp-json\/wp\/v2\/pages"}],"about":[{"href":"https:\/\/reconnect20.org\/index.php\/wp-json\/wp\/v2\/types\/page"}],"author":[{"embeddable":true,"href":"https:\/\/reconnect20.org\/index.php\/wp-json\/wp\/v2\/users\/1"}],"replies":[{"embeddable":true,"href":"https:\/\/reconnect20.org\/index.php\/wp-json\/wp\/v2\/comments?post=35"}],"version-history":[{"count":10,"href":"https:\/\/reconnect20.org\/index.php\/wp-json\/wp\/v2\/pages\/35\/revisions"}],"predecessor-version":[{"id":195,"href":"https:\/\/reconnect20.org\/index.php\/wp-json\/wp\/v2\/pages\/35\/revisions\/195"}],"wp:attachment":[{"href":"https:\/\/reconnect20.org\/index.php\/wp-json\/wp\/v2\/media?parent=35"}],"curies":[{"name":"wp","href":"https:\/\/api.w.org\/{rel}","templated":true}]}}