{"id":32,"date":"2024-05-10T16:08:22","date_gmt":"2024-05-10T14:08:22","guid":{"rendered":"https:\/\/reconnect20.org\/?page_id=32"},"modified":"2024-05-23T20:33:55","modified_gmt":"2024-05-23T18:33:55","slug":"rehabiliter","status":"publish","type":"page","link":"https:\/\/reconnect20.org\/index.php\/rehabiliter\/","title":{"rendered":"R\u00e9habiliter"},"content":{"rendered":"<div class=\"wp-block-image is-style-rounded\">\n<figure class=\"aligncenter size-full is-resized\"><img loading=\"lazy\" decoding=\"async\" width=\"1024\" height=\"1024\" src=\"https:\/\/reconnect20.org\/wp-content\/uploads\/2024\/05\/Recuperer.jpeg\" alt=\"\" class=\"wp-image-33\" style=\"width:400px\" srcset=\"https:\/\/reconnect20.org\/wp-content\/uploads\/2024\/05\/Recuperer.jpeg 1024w, https:\/\/reconnect20.org\/wp-content\/uploads\/2024\/05\/Recuperer-300x300.jpeg 300w, https:\/\/reconnect20.org\/wp-content\/uploads\/2024\/05\/Recuperer-150x150.jpeg 150w, https:\/\/reconnect20.org\/wp-content\/uploads\/2024\/05\/Recuperer-768x768.jpeg 768w\" sizes=\"auto, (max-width: 1024px) 100vw, 1024px\" \/><\/figure>\n<\/div>\n\n\n<p class=\"has-text-align-left\">La r\u00e9cup\u00e9ration de mat\u00e9riel informatique d\u00e9clar\u00e9 obsol\u00e8te est une \u00e9tape cruciale pour notre association. Chaque ordinateur r\u00e9cup\u00e9r\u00e9 devient une opportunit\u00e9 d&#8217;inclusion num\u00e9rique, chaque donateur un pilier de notre cha\u00eene de solidarit\u00e9, contribuant ainsi \u00e0 r\u00e9duire le gaspillage \u00e9lectronique et \u00e0 donner une seconde vie \u00e0 ces appareils. Notre mission, partag\u00e9e avec nos soutiens, partenaires et b\u00e9n\u00e9voles, vise \u00e0 cr\u00e9er un monde o\u00f9 chaque individu, quelle que soit sa situation \u00e9conomique, pourra ma\u00eetriser les outils num\u00e9riques essentiels pour r\u00e9ussir dans notre soci\u00e9t\u00e9 moderne.<\/p>\n\n\n\n<figure class=\"wp-block-pullquote has-text-align-left has-accent-color has-subtle-background-background-color has-text-color has-background has-link-color has-small-font-size wp-elements-c686426c3cd35f3e7032d759899a46ef\" style=\"border-style:none;border-width:0px;font-style:normal;font-weight:100\"><blockquote><p><em>En 2019 l\u2019humanit\u00e9 a g\u00e9n\u00e9r\u00e9 en d\u00e9chets \u00e9lectroniques l\u2019\u00e9quivalent en poids de 100.000 Airbus A380.<\/em><br><em>Moins d\u2019un quart de ces d\u00e9chets ont \u00e9t\u00e9 recycl\u00e9s \u00e0 l\u2019\u00e9chelle mondiale<\/em>.<\/p><cite><em>Extrapol\u00e9 d\u2019un rapport de l\u2019ONU<\/em><\/cite><\/blockquote><\/figure>\n\n\n\n<p><\/p>\n\n\n<div class=\"wp-block-image\">\n<figure class=\"aligncenter size-full is-resized\"><img loading=\"lazy\" decoding=\"async\" width=\"1024\" height=\"252\" src=\"https:\/\/reconnect20.org\/wp-content\/uploads\/2024\/05\/Onde-Vert.png\" alt=\"\" class=\"wp-image-189\" style=\"width:609px;height:auto\" srcset=\"https:\/\/reconnect20.org\/wp-content\/uploads\/2024\/05\/Onde-Vert.png 1024w, https:\/\/reconnect20.org\/wp-content\/uploads\/2024\/05\/Onde-Vert-300x74.png 300w, https:\/\/reconnect20.org\/wp-content\/uploads\/2024\/05\/Onde-Vert-768x189.png 768w\" sizes=\"auto, (max-width: 1024px) 100vw, 1024px\" \/><\/figure>\n<\/div>\n\n\n<p><strong>Apr\u00e8s la collecte des ordinateurs les proc\u00e9dures suivantes sont mises en place :<\/strong><\/p>\n\n\n\n<p><strong>Tri et \u00e9valuation : <\/strong>Chaque ordinateur est examin\u00e9 pour d\u00e9terminer leur \u00e9tat et class\u00e9 en fonction de leur niveau d&#8217;obsolescence, de leur potentiel de r\u00e9paration et de leur configuration mat\u00e9rielle.<\/p>\n\n\n\n<p><strong>Nettoyage : <\/strong>Chaque ordinateur est nettoy\u00e9 et d\u00e9poussi\u00e9r\u00e9. Les composants internes et externes devront \u00eatre propres.<\/p>\n\n\n\n<p><strong>Suppression des donn\u00e9es : <\/strong>Les donn\u00e9es personnelles sont effac\u00e9es de mani\u00e8re s\u00e9curis\u00e9e conform\u00e9ment aux normes de protection des donn\u00e9es.<\/p>\n\n\n\n<p><strong>R\u00e9paration et mise \u00e0 jour : <\/strong>Les ordinateurs qui sont r\u00e9parables sont identifi\u00e9s. La remise en \u00e9tat est effectu\u00e9e en rempla\u00e7ant les composants d\u00e9fectueux, en ajoutant de la m\u00e9moire si n\u00e9cessaire et en changeant le disque dur.<\/p>\n\n\n\n<p><strong>Installation de logiciels : <\/strong>Des logiciels gratuits et open source tels que des syst\u00e8mes d&#8217;exploitation Linux, des suites bureautiques et des navigateurs web sont install\u00e9s.<\/p>\n\n\n\n<p><strong>Tests de fonctionnalit\u00e9 : <\/strong>Des tests sont effectu\u00e9s apr\u00e8s chaque intervention pour valider la remise en circulation des ordinateurs.<\/p>\n","protected":false},"excerpt":{"rendered":"<p>La r\u00e9cup\u00e9ration de mat\u00e9riel informatique d\u00e9clar\u00e9 obsol\u00e8te est une \u00e9tape cruciale pour notre association. Chaque ordinateur r\u00e9cup\u00e9r\u00e9 devient une opportunit\u00e9 d&#8217;inclusion num\u00e9rique, chaque donateur un pilier de notre cha\u00eene de solidarit\u00e9, contribuant ainsi \u00e0 r\u00e9duire le gaspillage \u00e9lectronique et \u00e0 donner une seconde vie \u00e0 ces appareils. Notre mission, partag\u00e9e avec nos soutiens, partenaires et [&hellip;]<\/p>\n","protected":false},"author":1,"featured_media":0,"parent":0,"menu_order":0,"comment_status":"closed","ping_status":"closed","template":"","meta":{"footnotes":""},"class_list":["post-32","page","type-page","status-publish","hentry"],"_links":{"self":[{"href":"https:\/\/reconnect20.org\/index.php\/wp-json\/wp\/v2\/pages\/32","targetHints":{"allow":["GET"]}}],"collection":[{"href":"https:\/\/reconnect20.org\/index.php\/wp-json\/wp\/v2\/pages"}],"about":[{"href":"https:\/\/reconnect20.org\/index.php\/wp-json\/wp\/v2\/types\/page"}],"author":[{"embeddable":true,"href":"https:\/\/reconnect20.org\/index.php\/wp-json\/wp\/v2\/users\/1"}],"replies":[{"embeddable":true,"href":"https:\/\/reconnect20.org\/index.php\/wp-json\/wp\/v2\/comments?post=32"}],"version-history":[{"count":10,"href":"https:\/\/reconnect20.org\/index.php\/wp-json\/wp\/v2\/pages\/32\/revisions"}],"predecessor-version":[{"id":227,"href":"https:\/\/reconnect20.org\/index.php\/wp-json\/wp\/v2\/pages\/32\/revisions\/227"}],"wp:attachment":[{"href":"https:\/\/reconnect20.org\/index.php\/wp-json\/wp\/v2\/media?parent=32"}],"curies":[{"name":"wp","href":"https:\/\/api.w.org\/{rel}","templated":true}]}}