{"id":29,"date":"2024-05-10T15:59:24","date_gmt":"2024-05-10T13:59:24","guid":{"rendered":"https:\/\/reconnect20.org\/?page_id=29"},"modified":"2024-05-23T11:35:03","modified_gmt":"2024-05-23T09:35:03","slug":"recuperer","status":"publish","type":"page","link":"https:\/\/reconnect20.org\/index.php\/recuperer\/","title":{"rendered":"R\u00e9cup\u00e9rer"},"content":{"rendered":"<div class=\"wp-block-image is-style-rounded\">\n<figure class=\"aligncenter size-full is-resized\"><img loading=\"lazy\" decoding=\"async\" width=\"1024\" height=\"1024\" src=\"https:\/\/reconnect20.org\/wp-content\/uploads\/2024\/05\/Recuperer.jpg\" alt=\"\" class=\"wp-image-30\" style=\"width:400px\" srcset=\"https:\/\/reconnect20.org\/wp-content\/uploads\/2024\/05\/Recuperer.jpg 1024w, https:\/\/reconnect20.org\/wp-content\/uploads\/2024\/05\/Recuperer-300x300.jpg 300w, https:\/\/reconnect20.org\/wp-content\/uploads\/2024\/05\/Recuperer-150x150.jpg 150w, https:\/\/reconnect20.org\/wp-content\/uploads\/2024\/05\/Recuperer-768x768.jpg 768w\" sizes=\"auto, (max-width: 1024px) 100vw, 1024px\" \/><\/figure>\n<\/div>\n\n\n<p class=\"has-text-align-left\">La r\u00e9cup\u00e9ration de mat\u00e9riel informatique d\u00e9clar\u00e9 obsol\u00e8te est une \u00e9tape cruciale pour notre association. Chaque ordinateur r\u00e9cup\u00e9r\u00e9 devient une opportunit\u00e9 d&#8217;inclusion num\u00e9rique, chaque donateur un pilier de notre cha\u00eene de solidarit\u00e9, contribuant ainsi \u00e0 r\u00e9duire le gaspillage \u00e9lectronique et \u00e0 donner une seconde vie \u00e0 ces appareils. Notre mission, partag\u00e9e avec nos soutiens, partenaires et b\u00e9n\u00e9voles, vise \u00e0 cr\u00e9er un monde o\u00f9 chaque individu, quelle que soit sa situation \u00e9conomique, pourra ma\u00eetriser les outils num\u00e9riques essentiels pour r\u00e9ussir dans notre soci\u00e9t\u00e9 moderne.<\/p>\n\n\n\n<p><\/p>\n\n\n\n<figure class=\"wp-block-image size-full\"><img loading=\"lazy\" decoding=\"async\" width=\"1024\" height=\"252\" src=\"http:\/\/reconnect20.org\/wp-content\/uploads\/2024\/05\/Onde-Vert.png\" alt=\"\" class=\"wp-image-189\" srcset=\"https:\/\/reconnect20.org\/wp-content\/uploads\/2024\/05\/Onde-Vert.png 1024w, https:\/\/reconnect20.org\/wp-content\/uploads\/2024\/05\/Onde-Vert-300x74.png 300w, https:\/\/reconnect20.org\/wp-content\/uploads\/2024\/05\/Onde-Vert-768x189.png 768w\" sizes=\"auto, (max-width: 1024px) 100vw, 1024px\" \/><\/figure>\n\n\n\n<p><strong>La r\u00e9cup\u00e9ration est effectu\u00e9e via plusieurs r\u00e9seaux :<\/strong><\/p>\n\n\n\n<ul class=\"wp-block-list\">\n<li><strong>Grandes et petites entreprises : <\/strong>Nous proposons un service de collecte gratuit sur site.<\/li>\n<\/ul>\n\n\n\n<ul class=\"wp-block-list\">\n<li><strong>Entreprises de recyclage : <\/strong>Etablissement de partenariats avec les acteurs locaux<\/li>\n<\/ul>\n\n\n\n<ul class=\"wp-block-list\">\n<li><strong>Particuliers : <\/strong>via les r\u00e9seaux sociaux r\u00e9cup\u00e9ration de mat\u00e9riel aupr\u00e8s de particuliers, avec les m\u00eames garanties que pour les collectes en entreprise.<\/li>\n<\/ul>\n\n\n\n<p class=\"has-text-align-center has-accent-color has-text-color has-link-color has-large-font-size wp-elements-30c95c4912829225b1b38108fc6e9d7e\"><strong>Nous garantissons la confidentialit\u00e9 des donn\u00e9es par une destruction s\u00e9curis\u00e9e des disques durs collect\u00e9s.<\/strong><\/p>\n","protected":false},"excerpt":{"rendered":"<p>La r\u00e9cup\u00e9ration de mat\u00e9riel informatique d\u00e9clar\u00e9 obsol\u00e8te est une \u00e9tape cruciale pour notre association. Chaque ordinateur r\u00e9cup\u00e9r\u00e9 devient une opportunit\u00e9 d&#8217;inclusion num\u00e9rique, chaque donateur un pilier de notre cha\u00eene de solidarit\u00e9, contribuant ainsi \u00e0 r\u00e9duire le gaspillage \u00e9lectronique et \u00e0 donner une seconde vie \u00e0 ces appareils. Notre mission, partag\u00e9e avec nos soutiens, partenaires et [&hellip;]<\/p>\n","protected":false},"author":1,"featured_media":0,"parent":0,"menu_order":0,"comment_status":"closed","ping_status":"closed","template":"","meta":{"footnotes":""},"class_list":["post-29","page","type-page","status-publish","hentry"],"_links":{"self":[{"href":"https:\/\/reconnect20.org\/index.php\/wp-json\/wp\/v2\/pages\/29","targetHints":{"allow":["GET"]}}],"collection":[{"href":"https:\/\/reconnect20.org\/index.php\/wp-json\/wp\/v2\/pages"}],"about":[{"href":"https:\/\/reconnect20.org\/index.php\/wp-json\/wp\/v2\/types\/page"}],"author":[{"embeddable":true,"href":"https:\/\/reconnect20.org\/index.php\/wp-json\/wp\/v2\/users\/1"}],"replies":[{"embeddable":true,"href":"https:\/\/reconnect20.org\/index.php\/wp-json\/wp\/v2\/comments?post=29"}],"version-history":[{"count":8,"href":"https:\/\/reconnect20.org\/index.php\/wp-json\/wp\/v2\/pages\/29\/revisions"}],"predecessor-version":[{"id":200,"href":"https:\/\/reconnect20.org\/index.php\/wp-json\/wp\/v2\/pages\/29\/revisions\/200"}],"wp:attachment":[{"href":"https:\/\/reconnect20.org\/index.php\/wp-json\/wp\/v2\/media?parent=29"}],"curies":[{"name":"wp","href":"https:\/\/api.w.org\/{rel}","templated":true}]}}