{"id":24,"date":"2024-05-08T00:11:09","date_gmt":"2024-05-07T22:11:09","guid":{"rendered":"https:\/\/reconnect20.org\/?page_id=24"},"modified":"2024-05-23T11:54:55","modified_gmt":"2024-05-23T09:54:55","slug":"preambule","status":"publish","type":"page","link":"https:\/\/reconnect20.org\/","title":{"rendered":"Pr\u00e9ambule"},"content":{"rendered":"<div class=\"wp-block-image is-style-rounded\">\n<figure class=\"aligncenter size-full is-resized\"><img loading=\"lazy\" decoding=\"async\" width=\"1024\" height=\"1024\" src=\"http:\/\/reconnect20.org\/wp-content\/uploads\/2024\/05\/Colibris.jpg\" alt=\"\" class=\"wp-image-15\" style=\"width:400px\" srcset=\"https:\/\/reconnect20.org\/wp-content\/uploads\/2024\/05\/Colibris.jpg 1024w, https:\/\/reconnect20.org\/wp-content\/uploads\/2024\/05\/Colibris-300x300.jpg 300w, https:\/\/reconnect20.org\/wp-content\/uploads\/2024\/05\/Colibris-150x150.jpg 150w, https:\/\/reconnect20.org\/wp-content\/uploads\/2024\/05\/Colibris-768x768.jpg 768w\" sizes=\"auto, (max-width: 1024px) 100vw, 1024px\" \/><\/figure>\n<\/div>\n\n\n<p class=\"has-text-align-left\">Dans un monde en constante \u00e9volution, la fracture sociale s&#8217;agrandit, cr\u00e9ant davantage d\u2019in\u00e9galit\u00e9s. Notre association na\u00eet de la n\u00e9cessit\u00e9 de prendre en compte ce virage du tout num\u00e9rique de notre soci\u00e9t\u00e9. Les co\u00fbts et l&#8217;obsolescence rapide des \u00e9quipements informatiques laisse de plus en plus de personnes en situation de d\u00e9crochage num\u00e9rique. Nous nous engageons \u00e0 r\u00e9cup\u00e9rer, r\u00e9habiliter et redistribuer ce mat\u00e9riel, offrant ainsi une chance aux plus pr\u00e9caires de s&#8217;int\u00e9grer dans cette \u00e8re num\u00e9rique en pleine expansion. Notre mission est ancr\u00e9e dans la r\u00e9duction de cette fracture sociale croissante, en cr\u00e9ant un acc\u00e8s \u00e9quitable \u00e0 la technologie et en redonnant une seconde vie au mat\u00e9riel informatique.<\/p>\n\n\n<div class=\"wp-block-image\">\n<figure class=\"aligncenter size-full is-resized\"><img loading=\"lazy\" decoding=\"async\" width=\"269\" height=\"270\" src=\"http:\/\/reconnect20.org\/wp-content\/uploads\/2024\/05\/Logo-Association-1901b.png\" alt=\"\" class=\"wp-image-203\" style=\"width:300px\" srcset=\"https:\/\/reconnect20.org\/wp-content\/uploads\/2024\/05\/Logo-Association-1901b.png 269w, https:\/\/reconnect20.org\/wp-content\/uploads\/2024\/05\/Logo-Association-1901b-150x150.png 150w\" sizes=\"auto, (max-width: 269px) 100vw, 269px\" \/><\/figure>\n<\/div>","protected":false},"excerpt":{"rendered":"<p>Dans un monde en constante \u00e9volution, la fracture sociale s&#8217;agrandit, cr\u00e9ant davantage d\u2019in\u00e9galit\u00e9s. Notre association na\u00eet de la n\u00e9cessit\u00e9 de prendre en compte ce virage du tout num\u00e9rique de notre soci\u00e9t\u00e9. Les co\u00fbts et l&#8217;obsolescence rapide des \u00e9quipements informatiques laisse de plus en plus de personnes en situation de d\u00e9crochage num\u00e9rique. Nous nous engageons \u00e0 [&hellip;]<\/p>\n","protected":false},"author":1,"featured_media":0,"parent":0,"menu_order":0,"comment_status":"closed","ping_status":"closed","template":"","meta":{"footnotes":""},"class_list":["post-24","page","type-page","status-publish","hentry"],"_links":{"self":[{"href":"https:\/\/reconnect20.org\/index.php\/wp-json\/wp\/v2\/pages\/24","targetHints":{"allow":["GET"]}}],"collection":[{"href":"https:\/\/reconnect20.org\/index.php\/wp-json\/wp\/v2\/pages"}],"about":[{"href":"https:\/\/reconnect20.org\/index.php\/wp-json\/wp\/v2\/types\/page"}],"author":[{"embeddable":true,"href":"https:\/\/reconnect20.org\/index.php\/wp-json\/wp\/v2\/users\/1"}],"replies":[{"embeddable":true,"href":"https:\/\/reconnect20.org\/index.php\/wp-json\/wp\/v2\/comments?post=24"}],"version-history":[{"count":10,"href":"https:\/\/reconnect20.org\/index.php\/wp-json\/wp\/v2\/pages\/24\/revisions"}],"predecessor-version":[{"id":204,"href":"https:\/\/reconnect20.org\/index.php\/wp-json\/wp\/v2\/pages\/24\/revisions\/204"}],"wp:attachment":[{"href":"https:\/\/reconnect20.org\/index.php\/wp-json\/wp\/v2\/media?parent=24"}],"curies":[{"name":"wp","href":"https:\/\/api.w.org\/{rel}","templated":true}]}}