{"id":154,"date":"2024-05-22T17:38:30","date_gmt":"2024-05-22T15:38:30","guid":{"rendered":"https:\/\/reconnect20.org\/?page_id=154"},"modified":"2025-10-13T18:18:04","modified_gmt":"2025-10-13T16:18:04","slug":"bienfaiteurs","status":"publish","type":"page","link":"https:\/\/reconnect20.org\/index.php\/bienfaiteurs\/","title":{"rendered":"Bienfaiteurs"},"content":{"rendered":"\n<p><strong>Bienfaiteurs \/ partenaires \/ m\u00e9c\u00e8nes<\/strong><\/p>\n\n\n\n<p>Sur la page des bienfaiteurs, nous mettons en lumi\u00e8re les g\u00e9n\u00e9reux contributeurs qui ont d\u00e9j\u00e0 apport\u00e9 leur soutien \u00e0&nbsp;<strong>RECONNECT 2.0<\/strong>. Leur engagement a permis de concr\u00e9tiser notre mission et d&#8217;offrir une seconde vie au mat\u00e9riel informatique, cr\u00e9ant ainsi un impact significatif dans la r\u00e9duction de la fracture num\u00e9rique. Rejoignez-nous dans nos efforts et devenez vous aussi un bienfaiteur de&nbsp;<strong>RECONNECT 2.0<\/strong>&nbsp;pour faire une r\u00e9elle diff\u00e9rence dans la vie de ceux qui en ont le plus besoin.<\/p>\n\n\n<div class=\"wp-block-image\">\n<figure class=\"aligncenter size-full is-resized\"><a href=\"https:\/\/www.anthesys.fr\/\" target=\"_blank\" rel=\"noreferrer noopener\"><img loading=\"lazy\" decoding=\"async\" width=\"150\" height=\"45\" src=\"https:\/\/reconnect20.org\/wp-content\/uploads\/2024\/05\/Anthesys-1.png\" alt=\"\" class=\"wp-image-160\" style=\"width:260px;height:auto\"\/><\/a><\/figure>\n<\/div>\n\n<div class=\"wp-block-image\">\n<figure class=\"aligncenter size-full is-resized\"><a href=\"https:\/\/www.rubies.fr\/\" target=\"_blank\" rel=\"noreferrer noopener\"><img loading=\"lazy\" decoding=\"async\" width=\"189\" height=\"56\" src=\"https:\/\/reconnect20.org\/wp-content\/uploads\/2024\/05\/Rubies-Logo-2024-retina-1-1.jpg\" alt=\"\" class=\"wp-image-161\" style=\"width:253px;height:auto\"\/><\/a><\/figure>\n<\/div>\n\n<div class=\"wp-block-image\">\n<figure class=\"aligncenter size-large is-resized\"><a href=\"https:\/\/www.recoveo.com\/\" target=\"_blank\" rel=\"noreferrer noopener\"><img loading=\"lazy\" decoding=\"async\" width=\"1024\" height=\"177\" src=\"https:\/\/reconnect20.org\/wp-content\/uploads\/2024\/05\/Recoveo-1-1024x177.jpg\" alt=\"\" class=\"wp-image-162\" style=\"width:350px;height:auto\" srcset=\"https:\/\/reconnect20.org\/wp-content\/uploads\/2024\/05\/Recoveo-1-1024x177.jpg 1024w, https:\/\/reconnect20.org\/wp-content\/uploads\/2024\/05\/Recoveo-1-300x52.jpg 300w, https:\/\/reconnect20.org\/wp-content\/uploads\/2024\/05\/Recoveo-1-768x133.jpg 768w, https:\/\/reconnect20.org\/wp-content\/uploads\/2024\/05\/Recoveo-1-1536x265.jpg 1536w, https:\/\/reconnect20.org\/wp-content\/uploads\/2024\/05\/Recoveo-1-1200x207.jpg 1200w, https:\/\/reconnect20.org\/wp-content\/uploads\/2024\/05\/Recoveo-1.jpg 1755w\" sizes=\"auto, (max-width: 1024px) 100vw, 1024px\" \/><\/a><\/figure>\n<\/div>\n\n<div class=\"wp-block-image\">\n<figure class=\"aligncenter size-full is-resized\"><a href=\"https:\/\/www.holiste.com\/fr\/\" target=\"_blank\" rel=\"noreferrer noopener\"><img loading=\"lazy\" decoding=\"async\" width=\"427\" height=\"118\" src=\"https:\/\/reconnect20.org\/wp-content\/uploads\/2024\/07\/download-1.png\" alt=\"\" class=\"wp-image-241\" style=\"width:350px;height:auto\" srcset=\"https:\/\/reconnect20.org\/wp-content\/uploads\/2024\/07\/download-1.png 427w, https:\/\/reconnect20.org\/wp-content\/uploads\/2024\/07\/download-1-300x83.png 300w\" sizes=\"auto, (max-width: 427px) 100vw, 427px\" \/><\/a><\/figure>\n<\/div>\n\n<div class=\"wp-block-image\">\n<figure class=\"aligncenter size-full is-resized\"><a href=\"https:\/\/www.ressourcerie-acora42.com\/\" target=\"_blank\" rel=\" noreferrer noopener\"><img loading=\"lazy\" decoding=\"async\" width=\"282\" height=\"129\" src=\"https:\/\/reconnect20.org\/wp-content\/uploads\/2024\/11\/Acora.jpg\" alt=\"\" class=\"wp-image-253\" style=\"width:352px;height:auto\"\/><\/a><\/figure>\n<\/div>\n\n<div class=\"wp-block-image\">\n<figure class=\"aligncenter size-full is-resized\"><a href=\"https:\/\/www.setic-pourtier.com\/fr\/\"><img loading=\"lazy\" decoding=\"async\" width=\"437\" height=\"128\" src=\"https:\/\/reconnect20.org\/wp-content\/uploads\/2025\/10\/setic-pourtier.jpg\" alt=\"\" class=\"wp-image-263\" style=\"width:400px\" srcset=\"https:\/\/reconnect20.org\/wp-content\/uploads\/2025\/10\/setic-pourtier.jpg 437w, https:\/\/reconnect20.org\/wp-content\/uploads\/2025\/10\/setic-pourtier-300x88.jpg 300w\" sizes=\"auto, (max-width: 437px) 100vw, 437px\" \/><\/a><\/figure>\n<\/div>\n\n\n<p><\/p>\n","protected":false},"excerpt":{"rendered":"<p>Bienfaiteurs \/ partenaires \/ m\u00e9c\u00e8nes Sur la page des bienfaiteurs, nous mettons en lumi\u00e8re les g\u00e9n\u00e9reux contributeurs qui ont d\u00e9j\u00e0 apport\u00e9 leur soutien \u00e0&nbsp;RECONNECT 2.0. Leur engagement a permis de concr\u00e9tiser notre mission et d&#8217;offrir une seconde vie au mat\u00e9riel informatique, cr\u00e9ant ainsi un impact significatif dans la r\u00e9duction de la fracture num\u00e9rique. Rejoignez-nous dans [&hellip;]<\/p>\n","protected":false},"author":1,"featured_media":0,"parent":0,"menu_order":0,"comment_status":"closed","ping_status":"closed","template":"","meta":{"footnotes":""},"class_list":["post-154","page","type-page","status-publish","hentry"],"_links":{"self":[{"href":"https:\/\/reconnect20.org\/index.php\/wp-json\/wp\/v2\/pages\/154","targetHints":{"allow":["GET"]}}],"collection":[{"href":"https:\/\/reconnect20.org\/index.php\/wp-json\/wp\/v2\/pages"}],"about":[{"href":"https:\/\/reconnect20.org\/index.php\/wp-json\/wp\/v2\/types\/page"}],"author":[{"embeddable":true,"href":"https:\/\/reconnect20.org\/index.php\/wp-json\/wp\/v2\/users\/1"}],"replies":[{"embeddable":true,"href":"https:\/\/reconnect20.org\/index.php\/wp-json\/wp\/v2\/comments?post=154"}],"version-history":[{"count":11,"href":"https:\/\/reconnect20.org\/index.php\/wp-json\/wp\/v2\/pages\/154\/revisions"}],"predecessor-version":[{"id":264,"href":"https:\/\/reconnect20.org\/index.php\/wp-json\/wp\/v2\/pages\/154\/revisions\/264"}],"wp:attachment":[{"href":"https:\/\/reconnect20.org\/index.php\/wp-json\/wp\/v2\/media?parent=154"}],"curies":[{"name":"wp","href":"https:\/\/api.w.org\/{rel}","templated":true}]}}