{"id":113,"date":"2024-05-16T14:41:35","date_gmt":"2024-05-16T12:41:35","guid":{"rendered":"https:\/\/reconnect20.org\/?page_id=113"},"modified":"2024-06-15T11:29:37","modified_gmt":"2024-06-15T09:29:37","slug":"contact","status":"publish","type":"page","link":"https:\/\/reconnect20.org\/index.php\/contact\/","title":{"rendered":"Contact"},"content":{"rendered":"<div class=\"wp-block-image is-style-rounded\">\n<figure class=\"aligncenter size-full is-resized\"><img loading=\"lazy\" decoding=\"async\" width=\"1024\" height=\"1024\" src=\"http:\/\/reconnect20.org\/wp-content\/uploads\/2024\/05\/Colibris.jpg\" alt=\"\" class=\"wp-image-15\" style=\"width:400px\" srcset=\"https:\/\/reconnect20.org\/wp-content\/uploads\/2024\/05\/Colibris.jpg 1024w, https:\/\/reconnect20.org\/wp-content\/uploads\/2024\/05\/Colibris-300x300.jpg 300w, https:\/\/reconnect20.org\/wp-content\/uploads\/2024\/05\/Colibris-150x150.jpg 150w, https:\/\/reconnect20.org\/wp-content\/uploads\/2024\/05\/Colibris-768x768.jpg 768w\" sizes=\"auto, (max-width: 1024px) 100vw, 1024px\" \/><\/figure>\n<\/div>\n\n\n<p class=\"has-text-align-left\">Rejoignez-nous dans notre mission visant \u00e0 r\u00e9duire la fracture num\u00e9rique en recyclant du mat\u00e9riel obsol\u00e8te.<\/p>\n\n\n\n<p class=\"has-text-align-left\">Votre soutien financier, mat\u00e9riel ou m\u00eame simplement<br>en partageant notre cause peut changer des vies.<\/p>\n\n\n\n<p class=\"has-text-align-left\">Unissons nos efforts pour rendre la technologie accessible \u00e0 chacun!<\/p>\n\n\n\n<p class=\"has-text-align-left has-normal-font-size\">Joignez nous au num\u00e9ro suivant : <strong>07 63 21 25 45<\/strong><\/p>\n\n\n\n<p>Ou utiliser le formulaire ci-dessous&#8230;<\/p>\n\n\n<div class='fluentform ff-default fluentform_wrapper_1  ff_guten_block ffs_default_wrap'><form data-form_id=\"1\" id=\"fluentform_1\" class=\"frm-fluent-form fluent_form_1 ff-el-form-top ff_form_instance_1_1 ff-form-loading ffs_default\" data-form_instance=\"ff_form_instance_1_1\" method=\"POST\" ><fieldset  style=\"border: none!important;margin: 0!important;padding: 0!important;background-color: transparent!important;box-shadow: none!important;outline: none!important; min-inline-size: 100%;\">\n                    <legend class=\"ff_screen_reader_title\" style=\"display: block; margin: 0!important;padding: 0!important;height: 0!important;text-indent: -999999px;width: 0!important;overflow:hidden;\">Contact Form Demo<\/legend><input type='hidden' name='__fluent_form_embded_post_id' value='113' \/><input type=\"hidden\" id=\"_fluentform_1_fluentformnonce\" name=\"_fluentform_1_fluentformnonce\" value=\"d82816e946\" \/><input type=\"hidden\" name=\"_wp_http_referer\" value=\"\/index.php\/wp-json\/wp\/v2\/pages\/113\" \/><div data-type=\"name-element\" data-name=\"names_1\" class=\" ff-field_container ff-name-field-wrapper\" ><div class='ff-t-container'><div class='ff-t-cell '><div class='ff-el-group ff-el-form-top'><div class=\"ff-el-input--label asterisk-right\"><label for='ff_1_names_1_first_name_' aria-label=\"Pr\u00e9nom\">Pr\u00e9nom<\/label><\/div><div class='ff-el-input--content'><input type=\"text\" name=\"names_1[first_name]\" id=\"ff_1_names_1_first_name_\" class=\"ff-el-form-control\" placeholder=\"Pr\u00e9nom\" aria-invalid=\"false\" aria-required=false><\/div><\/div><\/div><div class='ff-t-cell '><div class='ff-el-group ff-el-form-top'><div class=\"ff-el-input--label asterisk-right\"><label for='ff_1_names_1_last_name_' aria-label=\"Nom\">Nom<\/label><\/div><div class='ff-el-input--content'><input type=\"text\" name=\"names_1[last_name]\" id=\"ff_1_names_1_last_name_\" class=\"ff-el-form-control\" placeholder=\"Nom\" aria-invalid=\"false\" aria-required=false><\/div><\/div><\/div><\/div><\/div><div class='ff-el-group'><div class=\"ff-el-input--label ff-el-is-required asterisk-right\"><label for='ff_1_email_1' aria-label=\"Email\">Email<\/label><\/div><div class='ff-el-input--content'><input type=\"email\" name=\"email_1\" id=\"ff_1_email_1\" class=\"ff-el-form-control\" placeholder=\"Adresse Email\" data-name=\"email_1\"  aria-invalid=\"false\" aria-required=true><\/div><\/div><div class='ff-el-group'><div class=\"ff-el-input--label ff-el-is-required asterisk-right\"><label for='ff_1_message' aria-label=\"Votre message\">Votre message<\/label><\/div><div class='ff-el-input--content'><textarea aria-invalid=\"false\" aria-required=true name=\"message\" id=\"ff_1_message\" class=\"ff-el-form-control\" placeholder=\"Message\" rows=\"4\" cols=\"2\" data-name=\"message\" ><\/textarea><\/div><\/div><div class='ff-el-group ff-text-left ff_submit_btn_wrapper'><button type=\"submit\" class=\"ff-btn ff-btn-submit ff-btn-md ff_btn_style\" >Envoyer<\/button><\/div><\/fieldset><\/form><div id='fluentform_1_errors' class='ff-errors-in-stack ff_form_instance_1_1 ff-form-loading_errors ff_form_instance_1_1_errors'><\/div><\/div>        <script type=\"text\/javascript\">\n            window.fluent_form_ff_form_instance_1_1 = {\"id\":\"1\",\"settings\":{\"layout\":{\"labelPlacement\":\"top\",\"helpMessagePlacement\":\"with_label\",\"errorMessagePlacement\":\"inline\",\"cssClassName\":\"\",\"asteriskPlacement\":\"asterisk-right\"},\"restrictions\":{\"denyEmptySubmission\":{\"enabled\":false}}},\"form_instance\":\"ff_form_instance_1_1\",\"form_id_selector\":\"fluentform_1\",\"rules\":{\"names_1[first_name]\":{\"required\":{\"value\":false,\"message\":\"This field is required\",\"global_message\":\"Ce champ est obligatoire\",\"global\":true}},\"names_1[middle_name]\":{\"required\":{\"value\":false,\"message\":\"This field is required\",\"global_message\":\"Ce champ est obligatoire\",\"global\":true}},\"names_1[last_name]\":{\"required\":{\"value\":false,\"message\":\"This field is required\",\"global_message\":\"Ce champ est obligatoire\",\"global\":true}},\"email_1\":{\"required\":{\"value\":true,\"message\":\"This field is required\",\"global_message\":\"Ce champ est obligatoire\",\"global\":true},\"email\":{\"value\":true,\"message\":\"This field must contain a valid email\",\"global_message\":\"Ce champ doit contenir un e-mail valide\",\"global\":true}},\"message\":{\"required\":{\"value\":true,\"message\":\"This field is required\",\"global\":false,\"global_message\":\"Ce champ est obligatoire\"}}}};\n                    <\/script>\n        ","protected":false},"excerpt":{"rendered":"<p>Rejoignez-nous dans notre mission visant \u00e0 r\u00e9duire la fracture num\u00e9rique en recyclant du mat\u00e9riel obsol\u00e8te. Votre soutien financier, mat\u00e9riel ou m\u00eame simplementen partageant notre cause peut changer des vies. Unissons nos efforts pour rendre la technologie accessible \u00e0 chacun! Joignez nous au num\u00e9ro suivant : 07 63 21 25 45 Ou utiliser le formulaire ci-dessous&#8230;<\/p>\n","protected":false},"author":1,"featured_media":0,"parent":0,"menu_order":0,"comment_status":"closed","ping_status":"closed","template":"","meta":{"footnotes":""},"class_list":["post-113","page","type-page","status-publish","hentry"],"_links":{"self":[{"href":"https:\/\/reconnect20.org\/index.php\/wp-json\/wp\/v2\/pages\/113","targetHints":{"allow":["GET"]}}],"collection":[{"href":"https:\/\/reconnect20.org\/index.php\/wp-json\/wp\/v2\/pages"}],"about":[{"href":"https:\/\/reconnect20.org\/index.php\/wp-json\/wp\/v2\/types\/page"}],"author":[{"embeddable":true,"href":"https:\/\/reconnect20.org\/index.php\/wp-json\/wp\/v2\/users\/1"}],"replies":[{"embeddable":true,"href":"https:\/\/reconnect20.org\/index.php\/wp-json\/wp\/v2\/comments?post=113"}],"version-history":[{"count":8,"href":"https:\/\/reconnect20.org\/index.php\/wp-json\/wp\/v2\/pages\/113\/revisions"}],"predecessor-version":[{"id":230,"href":"https:\/\/reconnect20.org\/index.php\/wp-json\/wp\/v2\/pages\/113\/revisions\/230"}],"wp:attachment":[{"href":"https:\/\/reconnect20.org\/index.php\/wp-json\/wp\/v2\/media?parent=113"}],"curies":[{"name":"wp","href":"https:\/\/api.w.org\/{rel}","templated":true}]}}